{"id":458,"date":"2025-03-03T13:16:12","date_gmt":"2025-03-03T12:16:12","guid":{"rendered":"https:\/\/www.anaarizaga.com\/\/contacto\/"},"modified":"2025-06-19T10:11:56","modified_gmt":"2025-06-19T08:11:56","slug":"contacte","status":"publish","type":"page","link":"https:\/\/anaarizaga.com\/ca\/contacte\/","title":{"rendered":"Contacte"},"content":{"rendered":"<style>.kb-row-layout-wrap.wp-block-kadence-rowlayout.kb-row-layout-id458_8ede66-13{margin-bottom:135px;}.kb-row-layout-id458_8ede66-13 > .kt-row-column-wrap{align-content:start;}:where(.kb-row-layout-id458_8ede66-13 > .kt-row-column-wrap) > .wp-block-kadence-column{justify-content:start;}.kb-row-layout-id458_8ede66-13 > .kt-row-column-wrap{column-gap:96px;row-gap:var(--global-kb-gap-md, 2rem);padding-top:0px;padding-bottom:0px;grid-template-columns:repeat(2, minmax(0, 1fr));}.kb-row-layout-id458_8ede66-13 > .kt-row-layout-overlay{opacity:0.30;}@media all and (max-width: 1024px){.kb-row-layout-wrap.wp-block-kadence-rowlayout.kb-row-layout-id458_8ede66-13{margin-bottom:64px;}}@media all and (max-width: 1024px){.kb-row-layout-id458_8ede66-13 > .kt-row-column-wrap{row-gap:64px;grid-template-columns:minmax(0, 1fr);}}@media all and (max-width: 767px){.kb-row-layout-id458_8ede66-13 > .kt-row-column-wrap{row-gap:64px;grid-template-columns:minmax(0, 1fr);}}<\/style><div class=\"kb-row-layout-wrap kb-row-layout-id458_8ede66-13 alignnone wp-block-kadence-rowlayout\"><div class=\"kt-row-column-wrap kt-has-2-columns kt-row-layout-equal kt-tab-layout-row kt-mobile-layout-row kt-row-valign-top\">\n<style>.kadence-column458_3aa8d8-46 > .kt-inside-inner-col,.kadence-column458_3aa8d8-46 > .kt-inside-inner-col:before{border-top-left-radius:0px;border-top-right-radius:0px;border-bottom-right-radius:0px;border-bottom-left-radius:0px;}.kadence-column458_3aa8d8-46 > .kt-inside-inner-col{column-gap:var(--global-kb-gap-sm, 1rem);}.kadence-column458_3aa8d8-46 > .kt-inside-inner-col{flex-direction:column;}.kadence-column458_3aa8d8-46 > .kt-inside-inner-col > .aligncenter{width:100%;}.kadence-column458_3aa8d8-46 > .kt-inside-inner-col:before{opacity:0.3;}.kadence-column458_3aa8d8-46{position:relative;}@media all and (max-width: 1024px){.kadence-column458_3aa8d8-46 > .kt-inside-inner-col{flex-direction:column;justify-content:center;}}@media all and (max-width: 767px){.kadence-column458_3aa8d8-46 > .kt-inside-inner-col{flex-direction:column;justify-content:center;}}<\/style>\n<div class=\"wp-block-kadence-column kadence-column458_3aa8d8-46\" data-aos=\"fade-down\" data-aos-duration=\"1000\" data-aos-delay=\"50\" data-aos-once=\"true\"><div class=\"kt-inside-inner-col\"><h1 class=\"wp-block-post-title\">Contacte<\/h1>\n\n<style>.wp-block-kadence-advancedheading.kt-adv-heading458_3da1b1-f7, .wp-block-kadence-advancedheading.kt-adv-heading458_3da1b1-f7[data-kb-block=\"kb-adv-heading458_3da1b1-f7\"]{font-style:normal;}.wp-block-kadence-advancedheading.kt-adv-heading458_3da1b1-f7 mark.kt-highlight, .wp-block-kadence-advancedheading.kt-adv-heading458_3da1b1-f7[data-kb-block=\"kb-adv-heading458_3da1b1-f7\"] mark.kt-highlight{font-style:normal;color:#f76a0c;-webkit-box-decoration-break:clone;box-decoration-break:clone;padding-top:0px;padding-right:0px;padding-bottom:0px;padding-left:0px;}.wp-block-kadence-advancedheading.kt-adv-heading458_3da1b1-f7 img.kb-inline-image, .wp-block-kadence-advancedheading.kt-adv-heading458_3da1b1-f7[data-kb-block=\"kb-adv-heading458_3da1b1-f7\"] img.kb-inline-image{width:150px;vertical-align:baseline;}<\/style>\n<h2 class=\"kt-adv-heading458_3da1b1-f7 h5 wp-block-kadence-advancedheading\" data-kb-block=\"kb-adv-heading458_3da1b1-f7\">Contacte directe per a m\u00e9s informaci\u00f3 o per reservar la teva cita, amb una atenci\u00f3 personalitzada i professional per a la teva salut bucodental.<\/h2>\n\n\n<style>.kb-row-layout-idbf692e-6e > .kt-row-column-wrap{align-content:start;}:where(.kb-row-layout-idbf692e-6e > .kt-row-column-wrap) > .wp-block-kadence-column{justify-content:start;}.kb-row-layout-idbf692e-6e > .kt-row-column-wrap{column-gap:var(--global-kb-gap-md, 2rem);row-gap:32px;padding-top:0px;padding-bottom:0px;}.kb-row-layout-idbf692e-6e > .kt-row-column-wrap > div:not(.added-for-specificity){grid-column:initial;}.kb-row-layout-idbf692e-6e > .kt-row-column-wrap{grid-template-columns:minmax(0, 1fr);}.kb-row-layout-idbf692e-6e > .kt-row-layout-overlay{opacity:0.30;}@media all and (max-width: 1024px){.kb-row-layout-idbf692e-6e > .kt-row-column-wrap > div:not(.added-for-specificity){grid-column:initial;}}@media all and (max-width: 1024px){.kb-row-layout-idbf692e-6e > .kt-row-column-wrap{grid-template-columns:minmax(0, 1fr);}}@media all and (max-width: 767px){.kb-row-layout-idbf692e-6e > .kt-row-column-wrap > div:not(.added-for-specificity){grid-column:initial;}.kb-row-layout-idbf692e-6e > .kt-row-column-wrap{grid-template-columns:minmax(0, 1fr);}}<\/style><div class=\"kb-row-layout-wrap kb-row-layout-idbf692e-6e alignnone wp-block-kadence-rowlayout\"><div class=\"kt-row-column-wrap kt-has-5-columns kt-row-layout-row kt-tab-layout-inherit kt-mobile-layout-row kt-row-valign-top\">\n<style>.kadence-column350719-b1 > .kt-inside-inner-col,.kadence-column350719-b1 > .kt-inside-inner-col:before{border-top-left-radius:0px;border-top-right-radius:0px;border-bottom-right-radius:0px;border-bottom-left-radius:0px;}.kadence-column350719-b1 > .kt-inside-inner-col{column-gap:var(--global-kb-gap-sm, 1rem);}.kadence-column350719-b1 > .kt-inside-inner-col{flex-direction:column;}.kadence-column350719-b1 > .kt-inside-inner-col > .aligncenter{width:100%;}.kadence-column350719-b1 > .kt-inside-inner-col:before{opacity:0.3;}.kadence-column350719-b1{position:relative;}@media all and (max-width: 1024px){.kadence-column350719-b1 > .kt-inside-inner-col{flex-direction:column;justify-content:center;}}@media all and (max-width: 767px){.kadence-column350719-b1 > .kt-inside-inner-col{flex-direction:column;justify-content:center;}}<\/style>\n<div class=\"wp-block-kadence-column kadence-column350719-b1 contacte--email\"><div class=\"kt-inside-inner-col\">\n<a href=\"&#x6d;&#97;&#105;l&#x74;&#x6f;&#58;i&#x6e;&#x66;&#111;&#64;&#x6d;&#x64;&#116;d&#x65;&#x6e;&#116;a&#x6c;&#x2e;&#101;s\">&#105;&#x6e;f&#x6f;&#x40;&#109;&#x64;t&#x64;&#x65;&#110;&#x74;a&#x6c;&#x2e;&#101;&#x73;<\/a>\n<\/div><\/div>\n\n\n<style>.kadence-column2f3769-c7 > .kt-inside-inner-col,.kadence-column2f3769-c7 > .kt-inside-inner-col:before{border-top-left-radius:0px;border-top-right-radius:0px;border-bottom-right-radius:0px;border-bottom-left-radius:0px;}.kadence-column2f3769-c7 > .kt-inside-inner-col{column-gap:var(--global-kb-gap-sm, 1rem);}.kadence-column2f3769-c7 > .kt-inside-inner-col{flex-direction:column;}.kadence-column2f3769-c7 > .kt-inside-inner-col > .aligncenter{width:100%;}.kadence-column2f3769-c7 > .kt-inside-inner-col:before{opacity:0.3;}.kadence-column2f3769-c7{position:relative;}@media all and (max-width: 1024px){.kadence-column2f3769-c7 > .kt-inside-inner-col{flex-direction:column;justify-content:center;}}@media all and (max-width: 767px){.kadence-column2f3769-c7 > .kt-inside-inner-col{flex-direction:column;justify-content:center;}}<\/style>\n<div class=\"wp-block-kadence-column kadence-column2f3769-c7 contacte--telefon\"><div class=\"kt-inside-inner-col\">\n<p><strong>Centre M\u00e8dic<\/strong>: 937 414 400\u2028<br><strong>Servei d&#8217;odontologia<\/strong>: &#57;&#x33;&#x31; &#57;&#x38;&#x30; &#50;&#x30;2\u2028<\/p>\n<\/div><\/div>\n\n\n<style>.kadence-column1f927f-fe > .kt-inside-inner-col,.kadence-column1f927f-fe > .kt-inside-inner-col:before{border-top-left-radius:0px;border-top-right-radius:0px;border-bottom-right-radius:0px;border-bottom-left-radius:0px;}.kadence-column1f927f-fe > .kt-inside-inner-col{column-gap:var(--global-kb-gap-sm, 1rem);}.kadence-column1f927f-fe > .kt-inside-inner-col{flex-direction:column;}.kadence-column1f927f-fe > .kt-inside-inner-col > .aligncenter{width:100%;}.kadence-column1f927f-fe > .kt-inside-inner-col:before{opacity:0.3;}.kadence-column1f927f-fe{position:relative;}@media all and (max-width: 1024px){.kadence-column1f927f-fe > .kt-inside-inner-col{flex-direction:column;justify-content:center;}}@media all and (max-width: 767px){.kadence-column1f927f-fe > .kt-inside-inner-col{flex-direction:column;justify-content:center;}}<\/style>\n<div class=\"wp-block-kadence-column kadence-column1f927f-fe contacte--whatsapp\"><div class=\"kt-inside-inner-col\">\n<a href=\"&#104;&#x74;t&#112;&#x73;:&#47;&#x2f;w&#x61;&#x2e;&#109;&#x65;\/&#57;&#x33;1&#57;&#x38;0&#x32;&#x30;&#50;\">&#x57;&#104;a&#x74;&#115;A&#x70;&#x70;<\/a>\n<\/div><\/div>\n\n\n<style>.kadence-columnedc05c-c4 > .kt-inside-inner-col,.kadence-columnedc05c-c4 > .kt-inside-inner-col:before{border-top-left-radius:0px;border-top-right-radius:0px;border-bottom-right-radius:0px;border-bottom-left-radius:0px;}.kadence-columnedc05c-c4 > .kt-inside-inner-col{column-gap:var(--global-kb-gap-sm, 1rem);}.kadence-columnedc05c-c4 > .kt-inside-inner-col{flex-direction:column;}.kadence-columnedc05c-c4 > .kt-inside-inner-col > .aligncenter{width:100%;}.kadence-columnedc05c-c4 > .kt-inside-inner-col:before{opacity:0.3;}.kadence-columnedc05c-c4{position:relative;}@media all and (max-width: 1024px){.kadence-columnedc05c-c4 > .kt-inside-inner-col{flex-direction:column;justify-content:center;}}@media all and (max-width: 767px){.kadence-columnedc05c-c4 > .kt-inside-inner-col{flex-direction:column;justify-content:center;}}<\/style>\n<div class=\"wp-block-kadence-column kadence-columnedc05c-c4 contacte--adreca\"><div class=\"kt-inside-inner-col\">\n<p><strong>Centre M\u00e8dic Medisalut &#8211; Meditrauma\u2028<br><\/strong>c\/ Miquel Biada 119<br>08302 Matar\u00f3 (Barcelona)<\/p>\n<\/div><\/div>\n\n\n<style>.kadence-column1515d9-20 > .kt-inside-inner-col,.kadence-column1515d9-20 > .kt-inside-inner-col:before{border-top-left-radius:0px;border-top-right-radius:0px;border-bottom-right-radius:0px;border-bottom-left-radius:0px;}.kadence-column1515d9-20 > .kt-inside-inner-col{column-gap:var(--global-kb-gap-sm, 1rem);}.kadence-column1515d9-20 > .kt-inside-inner-col{flex-direction:column;}.kadence-column1515d9-20 > .kt-inside-inner-col > .aligncenter{width:100%;}.kadence-column1515d9-20 > .kt-inside-inner-col:before{opacity:0.3;}.kadence-column1515d9-20{position:relative;}@media all and (max-width: 1024px){.kadence-column1515d9-20 > .kt-inside-inner-col{flex-direction:column;justify-content:center;}}@media all and (max-width: 767px){.kadence-column1515d9-20 > .kt-inside-inner-col{flex-direction:column;justify-content:center;}}<\/style>\n<div class=\"wp-block-kadence-column kadence-column1515d9-20 contacte--horari\"><div class=\"kt-inside-inner-col\">\n<p><strong>Dilluns<\/strong>: 09:00 a 13:30 h. \/ 15:00 a 20:00 h.\u2028<br><strong>Dimarts<\/strong>: 09:00 a 13:30 h.\u2028<br><strong>Dimecres<\/strong>: 15:00 a 20:00 h.\u2028<br><strong>Dijous<\/strong>: 15:00 a 19:00 h.\u2028<br><strong>Divendres<\/strong>: 09:00 a 13:30 h.<\/p>\n<\/div><\/div>\n\n<\/div><\/div><\/div><\/div>\n\n\n<style>.kadence-column458_d25675-a7 > .kt-inside-inner-col,.kadence-column458_d25675-a7 > .kt-inside-inner-col:before{border-top-left-radius:0px;border-top-right-radius:0px;border-bottom-right-radius:0px;border-bottom-left-radius:0px;}.kadence-column458_d25675-a7 > .kt-inside-inner-col{column-gap:var(--global-kb-gap-sm, 1rem);}.kadence-column458_d25675-a7 > .kt-inside-inner-col{flex-direction:column;}.kadence-column458_d25675-a7 > .kt-inside-inner-col > .aligncenter{width:100%;}.kadence-column458_d25675-a7 > .kt-inside-inner-col:before{opacity:0.3;}.kadence-column458_d25675-a7{position:relative;}@media all and (max-width: 1024px){.kadence-column458_d25675-a7 > .kt-inside-inner-col{flex-direction:column;justify-content:center;}}@media all and (max-width: 767px){.kadence-column458_d25675-a7 > .kt-inside-inner-col{flex-direction:column;justify-content:center;}}<\/style>\n<div class=\"wp-block-kadence-column kadence-column458_d25675-a7\" data-aos=\"fade-up\" data-aos-duration=\"1000\" data-aos-once=\"true\"><div class=\"kt-inside-inner-col\"><style>.kb-google-maps-container458_4ae422-b5{height:900px;}@media all and (max-width: 1024px){.kb-google-maps-container458_4ae422-b5{height:768px;}}<\/style><div class=\"kb-google-maps-container kb-google-maps-container458_4ae422-b5  wp-block-kadence-googlemaps\" data-mapid=\"458_4ae422b5\"><iframe width=\"100%\" height=\"100%\"\n\t\t\t\t\t\t\tstyle=\"border:0\" loading=\"lazy\"\n\t\t\t\t\t\t\tsrc=\"https:\/\/www.google.com\/maps\/embed\/v1\/place?key=AIzaSyBAM2o7PiQqwk15LC1XRH2e_KJ-jUa7KYk&#038;zoom=13&#038;maptype=roadmap&#038;q=ana+ar%C3%ADzag\"\n\t\t\t\t\t\t\ttitle=\"Google map of ana ar\u00edzag\"><\/iframe><\/div><script>function kb_google_map458_4ae422b5() { let center = { lat: 37.8201, lng: -122.4781}; let map = new google.maps.Map(document.getElementById(\"kb-google-map458_4ae422b5\"), {\n\t\t\t\t\t    zoom: 13,\n\t\t\t\t\t    center: center,});let marker = new google.maps.Marker({   position: { lat: 37.8201, lng: -122.4781},    map: map,  });}<\/script><\/div><\/div>\n\n<\/div><\/div>\n\n<style>.kb-row-layout-wrap.wp-block-kadence-rowlayout.kb-row-layout-id458_a67482-4b{margin-bottom:0px;}.kb-row-layout-id458_a67482-4b > .kt-row-column-wrap{align-content:start;}:where(.kb-row-layout-id458_a67482-4b > .kt-row-column-wrap) > .wp-block-kadence-column{justify-content:start;}.kb-row-layout-id458_a67482-4b > .kt-row-column-wrap{column-gap:96px;row-gap:var(--global-kb-gap-md, 2rem);padding-top:0px;padding-bottom:0px;grid-template-columns:minmax(0, 1fr);}.kb-row-layout-id458_a67482-4b{border-top-left-radius:80px;border-top-right-radius:80px;border-bottom-right-radius:80px;border-bottom-left-radius:80px;overflow:clip;isolation:isolate;}.kb-row-layout-id458_a67482-4b > .kt-row-layout-overlay{border-top-left-radius:80px;border-top-right-radius:80px;border-bottom-right-radius:80px;border-bottom-left-radius:80px;}.kb-row-layout-id458_a67482-4b > .kt-row-layout-overlay{opacity:0.30;}@media all and (max-width: 1024px){.kb-row-layout-id458_a67482-4b > .kt-row-column-wrap{row-gap:0px;grid-template-columns:minmax(0, 1fr);}}@media all and (max-width: 1024px){.kb-row-layout-id458_a67482-4b{border-top-left-radius:40px;border-top-right-radius:40px;border-bottom-right-radius:40px;border-bottom-left-radius:40px;}}@media all and (max-width: 1024px){.kb-row-layout-id458_a67482-4b > .kt-row-layout-overlay{border-top-left-radius:40px;border-top-right-radius:40px;border-bottom-right-radius:40px;border-bottom-left-radius:40px;}}@media all and (max-width: 767px){.kb-row-layout-id458_a67482-4b > .kt-row-column-wrap{grid-template-columns:minmax(0, 1fr);}}<\/style><div class=\"kb-row-layout-wrap kb-row-layout-id458_a67482-4b alignfull has-white-background-color kt-row-has-bg fila--blanca wp-block-kadence-rowlayout\"><div class=\"kt-row-column-wrap kt-has-1-columns kt-row-layout-equal kt-tab-layout-inherit kt-mobile-layout-row kt-row-valign-top\">\n<style>.kadence-column458_0c8217-b4 > .kt-inside-inner-col{padding-top:1rem;}.kadence-column458_0c8217-b4 > .kt-inside-inner-col,.kadence-column458_0c8217-b4 > .kt-inside-inner-col:before{border-top-left-radius:0px;border-top-right-radius:0px;border-bottom-right-radius:0px;border-bottom-left-radius:0px;}.kadence-column458_0c8217-b4 > .kt-inside-inner-col{column-gap:var(--global-kb-gap-sm, 1rem);}.kadence-column458_0c8217-b4 > .kt-inside-inner-col{flex-direction:column;}.kadence-column458_0c8217-b4 > .kt-inside-inner-col > .aligncenter{width:100%;}.kadence-column458_0c8217-b4 > .kt-inside-inner-col:before{opacity:0.3;}.kadence-column458_0c8217-b4{position:relative;}@media all and (max-width: 1024px){.kadence-column458_0c8217-b4 > .kt-inside-inner-col{padding-right:2rem;padding-left:2rem;flex-direction:column;justify-content:center;}}@media all and (max-width: 767px){.kadence-column458_0c8217-b4 > .kt-inside-inner-col{padding-right:1rem;padding-left:1rem;flex-direction:column;justify-content:center;}}<\/style>\n<div class=\"wp-block-kadence-column kadence-column458_0c8217-b4 container\"><div class=\"kt-inside-inner-col\"><style>.kb-row-layout-id458_bada05-ae > .kt-row-column-wrap{align-content:start;}:where(.kb-row-layout-id458_bada05-ae > .kt-row-column-wrap) > .wp-block-kadence-column{justify-content:start;}.kb-row-layout-id458_bada05-ae > .kt-row-column-wrap{column-gap:96px;row-gap:var(--global-kb-gap-md, 2rem);padding-top:0px;padding-bottom:0px;grid-template-columns:minmax(0, 1fr);}.kb-row-layout-id458_bada05-ae > .kt-row-layout-overlay{opacity:0.30;}@media all and (max-width: 1024px){.kb-row-layout-id458_bada05-ae > .kt-row-column-wrap{grid-template-columns:minmax(0, 1fr);}}@media all and (max-width: 767px){.kb-row-layout-id458_bada05-ae > .kt-row-column-wrap{grid-template-columns:minmax(0, 1fr);}}<\/style><div class=\"kb-row-layout-wrap kb-row-layout-id458_bada05-ae alignnone container--columna wp-block-kadence-rowlayout\"><div class=\"kt-row-column-wrap kt-has-1-columns kt-row-layout-equal kt-tab-layout-inherit kt-mobile-layout-row kt-row-valign-top\">\n<style>.kadence-column458_c7fc8d-f2 > .kt-inside-inner-col{padding-right:20%;padding-left:20%;}.kadence-column458_c7fc8d-f2 > .kt-inside-inner-col,.kadence-column458_c7fc8d-f2 > .kt-inside-inner-col:before{border-top-left-radius:0px;border-top-right-radius:0px;border-bottom-right-radius:0px;border-bottom-left-radius:0px;}.kadence-column458_c7fc8d-f2 > .kt-inside-inner-col{column-gap:var(--global-kb-gap-sm, 1rem);}.kadence-column458_c7fc8d-f2 > .kt-inside-inner-col{flex-direction:column;}.kadence-column458_c7fc8d-f2 > .kt-inside-inner-col > .aligncenter{width:100%;}.kadence-column458_c7fc8d-f2 > .kt-inside-inner-col:before{opacity:0.3;}.kadence-column458_c7fc8d-f2{position:relative;}.kadence-column458_c7fc8d-f2, .kt-inside-inner-col > .kadence-column458_c7fc8d-f2:not(.specificity){margin-bottom:3.5rem;}@media all and (max-width: 1024px){.kadence-column458_c7fc8d-f2 > .kt-inside-inner-col{padding-right:0%;padding-left:0%;flex-direction:column;justify-content:center;}}@media all and (max-width: 767px){.kadence-column458_c7fc8d-f2 > .kt-inside-inner-col{padding-right:0%;padding-left:0%;flex-direction:column;justify-content:center;}}<\/style>\n<div class=\"wp-block-kadence-column kadence-column458_c7fc8d-f2\"><div class=\"kt-inside-inner-col\"><style>.wp-block-kadence-advancedheading.kt-adv-heading458_c53605-91, .wp-block-kadence-advancedheading.kt-adv-heading458_c53605-91[data-kb-block=\"kb-adv-heading458_c53605-91\"]{text-align:center;font-style:normal;color:#425f6e;}.wp-block-kadence-advancedheading.kt-adv-heading458_c53605-91 mark.kt-highlight, .wp-block-kadence-advancedheading.kt-adv-heading458_c53605-91[data-kb-block=\"kb-adv-heading458_c53605-91\"] mark.kt-highlight{font-style:normal;color:#f76a0c;-webkit-box-decoration-break:clone;box-decoration-break:clone;padding-top:0px;padding-right:0px;padding-bottom:0px;padding-left:0px;}.wp-block-kadence-advancedheading.kt-adv-heading458_c53605-91 img.kb-inline-image, .wp-block-kadence-advancedheading.kt-adv-heading458_c53605-91[data-kb-block=\"kb-adv-heading458_c53605-91\"] img.kb-inline-image{width:150px;vertical-align:baseline;}<\/style>\n<h3 class=\"kt-adv-heading458_c53605-91 wp-block-kadence-advancedheading\" data-kb-block=\"kb-adv-heading458_c53605-91\">Qu\u00e8 et sembla, ens veiem? Estar\u00e9 encantada d\u2019atendre\u2019t i d\u2019ajudar-te a cuidar la teva salut bucodental<\/h3>\n\n\n\n<div class=\"wp-block-getwid-button-group\"><div class=\"wp-block-getwid-button-group__wrapper has-alignment-center\">\n<div class=\"wp-block-button\"><a class=\"wp-block-button__link wp-element-button\" href=\"https:\/\/portal.clinicaenlanube.com\/clinicas\/387\/cita_peticiones\/new\" target=\"_blank\" rel=\"noreferrer noopener\">Cita online<\/a><\/div>\n<\/div><\/div>\n<\/div><\/div>\n\n<\/div><\/div><\/div><\/div>\n\n<\/div><\/div>","protected":false},"excerpt":{"rendered":"<p>Contacte directe per a m\u00e9s informaci\u00f3 o per reservar la teva cita, amb una atenci\u00f3 personalitzada i professional per a la teva salut bucodental.<\/p>\n","protected":false},"author":1,"featured_media":0,"parent":0,"menu_order":0,"comment_status":"closed","ping_status":"closed","template":"templates\/template-builder.php","meta":{"inline_featured_image":false,"_kad_blocks_custom_css":"","_kad_blocks_head_custom_js":"","_kad_blocks_body_custom_js":"","_kad_blocks_footer_custom_js":"","footnotes":""},"class_list":["post-458","page","type-page","status-publish","hentry","post","without-featured-image"],"taxonomy_info":[],"featured_image_src_large":false,"author_info":{"display_name":"admin","author_link":"https:\/\/anaarizaga.com\/ca\/author\/server_4driiaoc\/"},"comment_info":0,"_links":{"self":[{"href":"https:\/\/anaarizaga.com\/ca\/wp-json\/wp\/v2\/pages\/458","targetHints":{"allow":["GET"]}}],"collection":[{"href":"https:\/\/anaarizaga.com\/ca\/wp-json\/wp\/v2\/pages"}],"about":[{"href":"https:\/\/anaarizaga.com\/ca\/wp-json\/wp\/v2\/types\/page"}],"author":[{"embeddable":true,"href":"https:\/\/anaarizaga.com\/ca\/wp-json\/wp\/v2\/users\/1"}],"replies":[{"embeddable":true,"href":"https:\/\/anaarizaga.com\/ca\/wp-json\/wp\/v2\/comments?post=458"}],"version-history":[{"count":7,"href":"https:\/\/anaarizaga.com\/ca\/wp-json\/wp\/v2\/pages\/458\/revisions"}],"predecessor-version":[{"id":690,"href":"https:\/\/anaarizaga.com\/ca\/wp-json\/wp\/v2\/pages\/458\/revisions\/690"}],"wp:attachment":[{"href":"https:\/\/anaarizaga.com\/ca\/wp-json\/wp\/v2\/media?parent=458"}],"curies":[{"name":"wp","href":"https:\/\/api.w.org\/{rel}","templated":true}]}}